{"id":601,"date":"2024-05-17T16:38:08","date_gmt":"2024-05-17T22:38:08","guid":{"rendered":"https:\/\/www.4plcr.net\/?page_id=601"},"modified":"2024-06-20T17:24:27","modified_gmt":"2024-06-20T23:24:27","slug":"nosotros","status":"publish","type":"page","link":"https:\/\/www.4plcr.net\/en\/nosotros\/","title":{"rendered":"About Us"},"content":{"rendered":"<div data-elementor-type=\"wp-page\" data-elementor-id=\"601\" class=\"elementor elementor-601\" data-elementor-post-type=\"page\">\n\t\t\t\t<div class=\"elementor-element elementor-element-3950c1d e-flex e-con-boxed e-con e-parent\" data-id=\"3950c1d\" data-element_type=\"container\" data-e-type=\"container\" data-settings=\"{&quot;background_background&quot;:&quot;classic&quot;}\">\n\t\t\t\t\t<div class=\"e-con-inner\">\n\t\t\t\t<div class=\"elementor-element elementor-element-9383ff3 elementor-widget elementor-widget-heading\" data-id=\"9383ff3\" data-element_type=\"widget\" data-e-type=\"widget\" data-widget_type=\"heading.default\">\n\t\t\t\t<div class=\"elementor-widget-container\">\n\t\t\t\t\t<h2 class=\"elementor-heading-title elementor-size-default\">4PL <br>Logistics Service Supplier<\/h2>\t\t\t\t<\/div>\n\t\t\t\t<\/div>\n\t\t\t\t\t<\/div>\n\t\t\t\t<\/div>\n\t\t<div class=\"elementor-element elementor-element-cb6a2f5 elementor-hidden-mobile e-flex e-con-boxed e-con e-parent\" data-id=\"cb6a2f5\" data-element_type=\"container\" data-e-type=\"container\">\n\t\t\t\t\t<div class=\"e-con-inner\">\n\t\t\t\t<div class=\"elementor-element elementor-element-993c5a9 elementor-widget elementor-widget-heading\" data-id=\"993c5a9\" data-element_type=\"widget\" data-e-type=\"widget\" data-widget_type=\"heading.default\">\n\t\t\t\t<div class=\"elementor-widget-container\">\n\t\t\t\t\t<h1 class=\"elementor-heading-title elementor-size-default\">About us<\/h1>\t\t\t\t<\/div>\n\t\t\t\t<\/div>\n\t\t<div class=\"elementor-element elementor-element-3ed68f7 e-flex e-con-boxed e-con e-child\" data-id=\"3ed68f7\" data-element_type=\"container\" data-e-type=\"container\">\n\t\t\t\t\t<div class=\"e-con-inner\">\n\t\t\t\t<div class=\"elementor-element elementor-element-44d9351 elementor-widget elementor-widget-image\" data-id=\"44d9351\" data-element_type=\"widget\" data-e-type=\"widget\" data-widget_type=\"image.default\">\n\t\t\t\t<div class=\"elementor-widget-container\">\n\t\t\t\t\t\t\t\t\t\t\t\t\t\t\t<img fetchpriority=\"high\" decoding=\"async\" width=\"1306\" height=\"1477\" src=\"https:\/\/www.4plcr.net\/wp-content\/uploads\/2024\/05\/nosotros.jpg\" class=\"attachment-full size-full wp-image-10287\" alt=\"\" srcset=\"https:\/\/www.4plcr.net\/wp-content\/uploads\/2024\/05\/nosotros.jpg 1306w, https:\/\/www.4plcr.net\/wp-content\/uploads\/2024\/05\/nosotros-265x300.jpg 265w, https:\/\/www.4plcr.net\/wp-content\/uploads\/2024\/05\/nosotros-905x1024.jpg 905w, https:\/\/www.4plcr.net\/wp-content\/uploads\/2024\/05\/nosotros-768x869.jpg 768w, https:\/\/www.4plcr.net\/wp-content\/uploads\/2024\/05\/nosotros-11x12.jpg 11w\" sizes=\"(max-width: 1306px) 100vw, 1306px\" \/>\t\t\t\t\t\t\t\t\t\t\t\t\t\t\t<\/div>\n\t\t\t\t<\/div>\n\t\t\t\t\t<\/div>\n\t\t\t\t<\/div>\n\t\t\t\t\t<\/div>\n\t\t\t\t<\/div>\n\t\t<div class=\"elementor-element elementor-element-98d7aee elementor-hidden-tablet elementor-hidden-desktop e-flex e-con-boxed e-con e-parent\" data-id=\"98d7aee\" data-element_type=\"container\" data-e-type=\"container\">\n\t\t\t\t\t<div class=\"e-con-inner\">\n\t\t\t\t<div class=\"elementor-element elementor-element-3f5bcdc elementor-widget elementor-widget-heading\" data-id=\"3f5bcdc\" data-element_type=\"widget\" data-e-type=\"widget\" data-widget_type=\"heading.default\">\n\t\t\t\t<div class=\"elementor-widget-container\">\n\t\t\t\t\t<h1 class=\"elementor-heading-title elementor-size-default\">About us<\/h1>\t\t\t\t<\/div>\n\t\t\t\t<\/div>\n\t\t<div class=\"elementor-element elementor-element-b5ec102 e-flex e-con-boxed e-con e-child\" data-id=\"b5ec102\" data-element_type=\"container\" data-e-type=\"container\">\n\t\t\t\t\t<div class=\"e-con-inner\">\n\t\t\t\t<div class=\"elementor-element elementor-element-c338889 elementor-widget elementor-widget-image\" data-id=\"c338889\" data-element_type=\"widget\" data-e-type=\"widget\" data-widget_type=\"image.default\">\n\t\t\t\t<div class=\"elementor-widget-container\">\n\t\t\t\t\t\t\t\t\t\t\t\t\t\t\t<img decoding=\"async\" width=\"617\" height=\"1894\" src=\"https:\/\/www.4plcr.net\/wp-content\/uploads\/2024\/05\/nosotros-mobile.jpg\" class=\"attachment-full size-full wp-image-10306\" alt=\"\" srcset=\"https:\/\/www.4plcr.net\/wp-content\/uploads\/2024\/05\/nosotros-mobile.jpg 617w, https:\/\/www.4plcr.net\/wp-content\/uploads\/2024\/05\/nosotros-mobile-98x300.jpg 98w, https:\/\/www.4plcr.net\/wp-content\/uploads\/2024\/05\/nosotros-mobile-334x1024.jpg 334w, https:\/\/www.4plcr.net\/wp-content\/uploads\/2024\/05\/nosotros-mobile-500x1536.jpg 500w, https:\/\/www.4plcr.net\/wp-content\/uploads\/2024\/05\/nosotros-mobile-4x12.jpg 4w\" sizes=\"(max-width: 617px) 100vw, 617px\" \/>\t\t\t\t\t\t\t\t\t\t\t\t\t\t\t<\/div>\n\t\t\t\t<\/div>\n\t\t\t\t\t<\/div>\n\t\t\t\t<\/div>\n\t\t\t\t\t<\/div>\n\t\t\t\t<\/div>\n\t\t<div class=\"elementor-element elementor-element-447f954 elementor-hidden-desktop elementor-hidden-tablet elementor-hidden-mobile e-flex e-con-boxed e-con e-parent\" data-id=\"447f954\" data-element_type=\"container\" data-e-type=\"container\">\n\t\t\t\t\t<div class=\"e-con-inner\">\n\t\t<div class=\"elementor-element elementor-element-856cc37 e-con-full e-flex e-con e-child\" data-id=\"856cc37\" data-element_type=\"container\" data-e-type=\"container\">\n\t\t\t\t<div class=\"elementor-element elementor-element-7c15228 elementor-widget elementor-widget-text-editor\" data-id=\"7c15228\" data-element_type=\"widget\" data-e-type=\"widget\" data-widget_type=\"text-editor.default\">\n\t\t\t\t<div class=\"elementor-widget-container\">\n\t\t\t\t\t\t\t\t\t<h4>Foundation and Early Years (2004-2009)<br \/>4PL Logistics Costa Rica was founded in 2004 by a group of entrepreneurs with a clear vision to improve and optimize the supply chain in Central America. The company started with a small team and a few offices in San Jos\u00e9, offering logistics and transportation management services. From the beginning, they focused on providing customized and efficient solutions for companies in different sectors, quickly gaining a reputation for reliability and customer service.<\/h4><h4>\u00a0<\/h4><h4>Expansion and Growth (2010-2014)<\/h4><p>During these years, 4PL Logistics experienced significant growth. The company expanded its operations, opening new offices and distribution centers in other regions of Costa Rica. They invested in advanced technology to improve traceability and inventory management, enabling them to offer more comprehensive and accurate services. The client portfolio diversified to include large multinational corporations seeking to optimize their operations in Central America.<\/p><h4>Innovation and technology (2015-2019)<\/h4><p>In 2015, 4PL Logistics adopted a strategy of continuous innovation, integrating advanced technological solutions such as warehouse management systems (WMS), transportation (TMS) and real-time data analysis. These improvements enabled greater visibility and control over the entire supply chain, optimizing delivery times and reducing costs. The company also began offering logistics consulting services, helping its clients to design and improve their own logistics networks.<\/p>\t\t\t\t\t\t\t\t<\/div>\n\t\t\t\t<\/div>\n\t\t\t\t<\/div>\n\t\t<div class=\"elementor-element elementor-element-073e898 e-con-full e-flex e-con e-child\" data-id=\"073e898\" data-element_type=\"container\" data-e-type=\"container\">\n\t\t\t\t<div class=\"elementor-element elementor-element-0a04fef elementor-widget elementor-widget-text-editor\" data-id=\"0a04fef\" data-element_type=\"widget\" data-e-type=\"widget\" data-widget_type=\"text-editor.default\">\n\t\t\t\t<div class=\"elementor-widget-container\">\n\t\t\t\t\t\t\t\t\t<h4>Sustainability and Social Responsibility (2020-2024)<\/h4>\nIn this decade, 4PL Logistics committed to implementing sustainable and socially responsible practices. They adopted measures to reduce their carbon footprint, such as optimizing transportation routes and using more energy-efficient vehicles. In addition, they developed social responsibility programs, supporting local communities and promoting fair labor practices. The company also focused on continuous training for its staff, ensuring that they were up to date with the latest trends and technologies in logistics.\n<h4>Present and Future<\/h4>\nToday, 4PL Logistics Costa Rica is a leader in the Central American logistics sector, known for its innovation, efficiency and commitment to sustainability. With a broad and robust network, they continue to expand and improve their services to meet the changing needs of their customers. Looking to the future, 4PL Logistics plans to continue investing in technology and sustainability, with the goal of becoming a global benchmark in integrated logistics solutions.\n\t\t\t\t\t\t\t\t<\/div>\n\t\t\t\t<\/div>\n\t\t\t\t<\/div>\n\t\t\t\t\t<\/div>\n\t\t\t\t<\/div>\n\t\t<div class=\"elementor-element elementor-element-d1631e6 e-flex e-con-boxed e-con e-parent\" data-id=\"d1631e6\" data-element_type=\"container\" data-e-type=\"container\">\n\t\t\t\t\t<div class=\"e-con-inner\">\n\t\t\t\t<div class=\"elementor-element elementor-element-cbd7a7d elementor-widget-divider--view-line elementor-widget elementor-widget-divider\" data-id=\"cbd7a7d\" data-element_type=\"widget\" data-e-type=\"widget\" data-widget_type=\"divider.default\">\n\t\t\t\t<div class=\"elementor-widget-container\">\n\t\t\t\t\t\t\t<div class=\"elementor-divider\">\n\t\t\t<span class=\"elementor-divider-separator\">\n\t\t\t\t\t\t<\/span>\n\t\t<\/div>\n\t\t\t\t\t\t<\/div>\n\t\t\t\t<\/div>\n\t\t\t\t<div class=\"elementor-element elementor-element-0e4c432 elementor-widget elementor-widget-heading\" data-id=\"0e4c432\" data-element_type=\"widget\" data-e-type=\"widget\" data-widget_type=\"heading.default\">\n\t\t\t\t<div class=\"elementor-widget-container\">\n\t\t\t\t\t<p class=\"elementor-heading-title elementor-size-default\">4PL Logistics has evolved over 20 years, successfully adapting to market changes and maintaining a constant focus on innovation and customer service.\n<\/p>\t\t\t\t<\/div>\n\t\t\t\t<\/div>\n\t\t\t\t\t<\/div>\n\t\t\t\t<\/div>\n\t\t<div class=\"elementor-element elementor-element-37715e5 e-flex e-con-boxed e-con e-parent\" data-id=\"37715e5\" data-element_type=\"container\" data-e-type=\"container\" data-settings=\"{&quot;background_background&quot;:&quot;classic&quot;}\">\n\t\t\t\t\t<div class=\"e-con-inner\">\n\t\t<div class=\"elementor-element elementor-element-492cda4 e-con-full e-flex e-con e-child\" data-id=\"492cda4\" data-element_type=\"container\" data-e-type=\"container\">\n\t\t\t\t<div class=\"elementor-element elementor-element-f28afea elementor-widget elementor-widget-heading\" data-id=\"f28afea\" data-element_type=\"widget\" data-e-type=\"widget\" data-widget_type=\"heading.default\">\n\t\t\t\t<div class=\"elementor-widget-container\">\n\t\t\t\t\t<h2 class=\"elementor-heading-title elementor-size-default\">Our executives are ready to assist you!<\/h2>\t\t\t\t<\/div>\n\t\t\t\t<\/div>\n\t\t\t\t<\/div>\n\t\t<div class=\"elementor-element elementor-element-514a33d e-con-full e-flex e-con e-child\" data-id=\"514a33d\" data-element_type=\"container\" data-e-type=\"container\">\n\t\t\t\t<div class=\"elementor-element elementor-element-f74ccea elementor-align-center elementor-widget elementor-widget-button\" data-id=\"f74ccea\" data-element_type=\"widget\" data-e-type=\"widget\" data-widget_type=\"button.default\">\n\t\t\t\t<div class=\"elementor-widget-container\">\n\t\t\t\t\t\t\t\t\t<div class=\"elementor-button-wrapper\">\n\t\t\t\t\t<a class=\"elementor-button elementor-button-link elementor-size-sm\" href=\"https:\/\/www.4plcr.net\/en\/contactenos\/\">\n\t\t\t\t\t\t<span class=\"elementor-button-content-wrapper\">\n\t\t\t\t\t\t<span class=\"elementor-button-icon\">\n\t\t\t\t<svg aria-hidden=\"true\" class=\"e-font-icon-svg e-fas-arrow-right\" viewbox=\"0 0 448 512\" xmlns=\"http:\/\/www.w3.org\/2000\/svg\"><path d=\"M190.5 66.9l22.2-22.2c9.4-9.4 24.6-9.4 33.9 0L441 239c9.4 9.4 9.4 24.6 0 33.9L246.6 467.3c-9.4 9.4-24.6 9.4-33.9 0l-22.2-22.2c-9.5-9.5-9.3-25 .4-34.3L311.4 296H24c-13.3 0-24-10.7-24-24v-32c0-13.3 10.7-24 24-24h287.4L190.9 101.2c-9.8-9.3-10-24.8-.4-34.3z\"><\/path><\/svg>\t\t\t<\/span>\n\t\t\t\t\t\t\t\t\t<span class=\"elementor-button-text\">Contact Us<\/span>\n\t\t\t\t\t<\/span>\n\t\t\t\t\t<\/a>\n\t\t\t\t<\/div>\n\t\t\t\t\t\t\t\t<\/div>\n\t\t\t\t<\/div>\n\t\t\t\t<\/div>\n\t\t\t\t\t<\/div>\n\t\t\t\t<\/div>\n\t\t\t\t<\/div>","protected":false},"excerpt":{"rendered":"<p>4PL Logistics Service Supplier Acerca de nosotros Acerca de nosotros Foundation and Early Years (2004-2009)4PL Logistics Costa Rica fue fundada en 2004 por un grupo de emprendedores con una visi\u00f3n clara de mejorar y optimizar la cadena de suministro en Centroam\u00e9rica. La empresa inici\u00f3 con un peque\u00f1o equipo y unas pocas oficinas en San Jos\u00e9, [&hellip;]<\/p>\n","protected":false},"author":1,"featured_media":0,"parent":0,"menu_order":0,"comment_status":"closed","ping_status":"closed","template":"elementor_header_footer","meta":{"footnotes":""},"class_list":["post-601","page","type-page","status-publish","hentry"],"aioseo_notices":[],"_links":{"self":[{"href":"https:\/\/www.4plcr.net\/en\/wp-json\/wp\/v2\/pages\/601","targetHints":{"allow":["GET"]}}],"collection":[{"href":"https:\/\/www.4plcr.net\/en\/wp-json\/wp\/v2\/pages"}],"about":[{"href":"https:\/\/www.4plcr.net\/en\/wp-json\/wp\/v2\/types\/page"}],"author":[{"embeddable":true,"href":"https:\/\/www.4plcr.net\/en\/wp-json\/wp\/v2\/users\/1"}],"replies":[{"embeddable":true,"href":"https:\/\/www.4plcr.net\/en\/wp-json\/wp\/v2\/comments?post=601"}],"version-history":[{"count":5,"href":"https:\/\/www.4plcr.net\/en\/wp-json\/wp\/v2\/pages\/601\/revisions"}],"predecessor-version":[{"id":10580,"href":"https:\/\/www.4plcr.net\/en\/wp-json\/wp\/v2\/pages\/601\/revisions\/10580"}],"wp:attachment":[{"href":"https:\/\/www.4plcr.net\/en\/wp-json\/wp\/v2\/media?parent=601"}],"curies":[{"name":"wp","href":"https:\/\/api.w.org\/{rel}","templated":true}]}}